{"id":11,"date":"2020-12-15T05:26:32","date_gmt":"2020-12-15T05:26:32","guid":{"rendered":"http:\/\/sw-themes.com\/porto_dummy\/law-firm2\/?page_id=11"},"modified":"2025-11-20T19:43:30","modified_gmt":"2025-11-20T19:43:30","slug":"sobre-nosotros-2","status":"publish","type":"page","link":"https:\/\/riveradelatorre.com\/en\/sobre-nosotros-2\/","title":{"rendered":"ABOUT US"},"content":{"rendered":"<section class=\"wpb-content-wrapper\"><div class=\"vc_row wpb_row vc_custom_1617043450337 porto-inner-container\"><div class=\"porto-wrap-container container\"><div class=\"row align-items-center\"><div class=\"mb-lg-0 vc_column_container col-md-12 col-lg-6\"><div class=\"wpb_wrapper vc_column-inner\"><div class=\"porto-u-heading  wpb_custom_95aa9a11c17ad45cfabaf210d84ee7cc\" data-hspacer=\"line_only\" data-halign=\"left\" style=\"text-align:left\"><div class=\"porto-u-main-heading\"><h2   style=\"font-weight:500;margin-bottom: 10px;\">ABOUT US<\/h2><\/div><div class=\"porto-u-heading-spacer line_only\" style=\"margin-bottom: 20px;height:2px;\"><span class=\"porto-u-headings-line\" style=\"border-style:solid;border-bottom-width:2px;border-color:#7b0000;width:100px;margin-left: 0\"><\/span><\/div><\/div>\n\t<div class=\"wpb_text_column wpb_content_element\" >\n\t\t<div class=\"wpb_wrapper\">\n\t\t\t<p>We offer comprehensive legal services to individuals and corporations, grounded in confidentiality, ethical practice, and technical precision.<\/p>\n<p>Our local and international experience allows us to handle complex and cross-border matters effectively, blending the technique of Panamanian law with a global client perspective.<\/p>\n\n\t\t<\/div>\n\t<\/div>\n<\/div><\/div><div class=\"pl-lg-5 p-relative-column mx-auto vc_column_container col-md-10 col-lg-6\"><div class=\"wpb_wrapper vc_column-inner\"><div class=\"porto-ultimate-content-box-container empty-img-floating\"><style>#porto_ucb_7992{will-change: box-shadow;box-shadow: none;}#porto_ucb_7992:hover{box-shadow:none}<\/style><div class=\"porto-ultimate-content-box\" style=\"\" id=\"porto_ucb_7992\">\n\t<div class=\"wpb_single_image wpb_content_element vc_align_center   bg-primary h-100\" data-plugin-float-element data-plugin-options=\"{&quot;startPos&quot;:&quot;top&quot;,&quot;speed&quot;:&quot;3&quot;,&quot;transition&quot;:true,&quot;horizontal&quot;:false}\">\n\t\t<div class=\"wpb_wrapper\">\n\t\t\t\n\t\t\t<div class=\"vc_single_image-wrapper   vc_box_border_grey\"><img decoding=\"async\" class=\"vc_img-placeholder vc_single_image-img\" src=\"https:\/\/riveradelatorre.com\/wp-content\/plugins\/js_composer\/assets\/vc\/no_image.png\" alt=\"placeholder image\" \/><\/div>\n\t\t<\/div>\n\t<\/div>\n<\/div><\/div>\n\t<div class=\"wpb_single_image wpb_content_element vc_align_center   position-relative z-index-1\" data-plugin-float-element data-plugin-options=\"{&quot;startPos&quot;:&quot;top&quot;,&quot;speed&quot;:&quot;6&quot;,&quot;transition&quot;:true,&quot;horizontal&quot;:false}\">\n\t\t<div class=\"wpb_wrapper\">\n\t\t\t\n\t\t\t<div class=\"vc_single_image-wrapper   vc_box_border_grey\"><img fetchpriority=\"high\" decoding=\"async\" width=\"610\" height=\"570\" src=\"https:\/\/riveradelatorre.com\/wp-content\/uploads\/2021\/04\/nosotros-home-1.jpg\" class=\"vc_single_image-img attachment-full\" alt=\"\" title=\"nosotros-home-1\" srcset=\"https:\/\/riveradelatorre.com\/wp-content\/uploads\/2021\/04\/nosotros-home-1.jpg 610w, https:\/\/riveradelatorre.com\/wp-content\/uploads\/2021\/04\/nosotros-home-1-400x374.jpg 400w, https:\/\/riveradelatorre.com\/wp-content\/uploads\/2021\/04\/nosotros-home-1-367x343.jpg 367w\" sizes=\"(max-width: 610px) 100vw, 610px\" \/><\/div>\n\t\t<\/div>\n\t<\/div>\n<\/div><\/div><\/div><\/div><\/div><div class=\"vc_row wpb_row overlay-dark vc_custom_1617295132371 vc_row-has-fill porto-inner-container\" data-appear-animation=\"fadeIn\" data-appear-animation-delay=\"300\"><div class=\"porto-wrap-container container\"><div class=\"row\"><div class=\"vc_column_container col-md-12\"><div class=\"wpb_wrapper vc_column-inner\"><div class=\"porto-u-heading  wpb_custom_95aa9a11c17ad45cfabaf210d84ee7cc\" data-hspacer=\"line_only\" data-halign=\"left\" style=\"text-align:left\"><div class=\"porto-u-main-heading\"><h2   style=\"font-weight:500;color:#ffffff;margin-bottom: 10px;\">COMMITTED TO YOU AND YOUR PROJECTS<\/h2><\/div><div class=\"porto-u-heading-spacer line_only\" style=\"margin-bottom: 20px;height:2px;\"><span class=\"porto-u-headings-line\" style=\"border-style:solid;border-bottom-width:2px;border-color:#ffffff;width:100px;margin-left: 0\"><\/span><\/div><\/div><div class=\"vc_row wpb_row vc_inner row\"><div class=\"vc_column_container col-md-6\"><div class=\"wpb_wrapper vc_column-inner\">\n\t<div class=\"wpb_text_column wpb_content_element  text-color-light\" >\n\t\t<div class=\"wpb_wrapper\">\n\t\t\t<p>You can be certain that you will always receive creative and successful solutions from us for every challenge in your projects.<\/p>\n<p>We will always walk the extra mile, work in harmony with your business culture, and remain available every step of the way.<\/p>\n\n\t\t<\/div>\n\t<\/div>\n<\/div><\/div><div class=\"vc_column_container col-md-6\"><div class=\"wpb_wrapper vc_column-inner\"><div class=\"vc_btn3-container  text-uppercase mb-0 vc_btn3-center\" >\n\t<a class=\"vc_btn3 vc_btn3-shape-default btn btn-md btn-primary\" style=\"font-weight:600; padding:1.25rem 2.4rem;\" href=\"https:\/\/riveradelatorre.com\/en\/contacto\/\" title=\"CONTACT US\" rel=\"nofollow\">CONTACT US<\/a>\t<\/div>\n<\/div><\/div><\/div><\/div><\/div><\/div><\/div><\/div><div class=\"vc_row wpb_row porto-inner-container\" data-appear-animation=\"fadeInUp\" data-appear-animation-delay=\"1000\"><div class=\"porto-wrap-container container\"><div class=\"row\"><div class=\"vc_column_container col-md-12 vc_custom_1608608145414\"><div class=\"wpb_wrapper vc_column-inner\"><div class=\"porto-u-heading  wpb_custom_95aa9a11c17ad45cfabaf210d84ee7cc\" data-hspacer=\"line_only\" data-halign=\"left\" style=\"text-align:left\"><div class=\"porto-u-main-heading\"><h2   style=\"font-weight:500;margin-bottom: 10px;\">LAWYERS<\/h2><\/div><div class=\"porto-u-heading-spacer line_only\" style=\"margin-bottom: 20px;height:2px;\"><span class=\"porto-u-headings-line\" style=\"border-style:solid;border-bottom-width:2px;border-color:#7b0000;width:100px;margin-left: 0\"><\/span><\/div><\/div><\/div><\/div><\/div><\/div><\/div><div class=\"vc_row wpb_row vc_custom_1617034171355 porto-inner-container\" data-appear-animation=\"fadeInUp\" data-appear-animation-delay=\"1000\"><div class=\"porto-wrap-container container\"><div class=\"row\"><div class=\"vc_column_container col-md-12 offset-xl-2 col-xl-8 vc_custom_1617299195933\"><div class=\"wpb_wrapper vc_column-inner\"><div class=\"porto-recent-members wpb_content_element wpb_custom_7f63a3a3c170433425f5bf63bf39d32b\">\n\t\n\t\n\t<div class=\"member-carousel porto-carousel owl-carousel  nav-center-images-only  has-ccols ccols-1 ccols-xl-2 ccols-lg-2 ccols-md-2 ccols-sm-1 has-ccols-spacing\" data-plugin-options=\"{&quot;themeConfig&quot;:true,&quot;items&quot;:2,&quot;lg&quot;:2,&quot;md&quot;:2,&quot;sm&quot;:1,&quot;xs&quot;:1,&quot;margin&quot;:20}\">\n\t\t<div class=\"member-slide\">\n\t\t<div class=\"member-item  align-center member-item-2\">\n\t\t\t<span class=\"thumb-info thumb-info-centered-info thumb-info-no-zoom\">\n\n\t\t\t\t\t<span class=\"thumb-info-wrapper\">\n\t\t\t\t\t\t<span class=\"thumb-member-container\">\n\t\t\t\t\t\t\t<a class=\"text-decoration-none member-image\" href=\"https:\/\/riveradelatorre.com\/en\/member\/lic-loida-alvarez-de-rivera\/\">\n\t\t\t\t\t\t\t\t<img decoding=\"async\" class=\"img-responsive\" width=\"360\" height=\"220\" src=\"https:\/\/riveradelatorre.com\/wp-content\/uploads\/2021\/03\/Lic.-loida.jpg\" alt=\"\" \/>\n\t\t\t\t\t\t\t<\/a>\n\t\t\t\t\t\t\t\t\t\t\t\t\t<\/span>\n\t\t\t\t\t\t<a class=\"text-decoration-none member-info-container\" href=\"https:\/\/riveradelatorre.com\/en\/member\/lic-loida-alvarez-de-rivera\/\">\n\t\t\t\t\t\t\t\t\t\t\t\t<span class=\"thumb-info-title\">\n\t\t\t\t\t\t\t<span class=\"thumb-info-inner\">View Profile<\/span>\n\t\t\t\t\t\t<\/span>\n\t\t\t\t\t\t\t\t\t\t\t\t\t\t\t\t\t<span class=\"zoom\" data-src=\"https:\/\/riveradelatorre.com\/wp-content\/uploads\/2021\/03\/Lic.-loida.jpg\" data-title=\"\"><i class=\"fas fa-search\"><\/i><\/span>\n\t\t\t\t\t\t\t\t\t\t<\/a>\n\t\t\t\t\t<\/span> <!--Thumb info wrapper end-->\n\t\t\t\t\t<a class=\"text-decoration-none member-info-container\" href=\"https:\/\/riveradelatorre.com\/en\/member\/lic-loida-alvarez-de-rivera\/\">\n\t\t\t\t\t\t\t\t\t<h4 class=\"m-t-md m-b-none\">Lic. Loida \u00c1lvarez de Rivera<\/h4>\n\t\t\t\t\t\t\t\t\t\t\t<p class=\"m-b-sm color-body\">PARTNER<\/p>\n\t\t\t\t\t\t\t\t\t\t\t\t\t\t\t\t\t<\/a><!-- Global link end -->\n\n\t\t\t\t\t\t<span class=\"thumb-info-caption\">\n\t\t\t\t\t\t\t\t\t<span class=\"thumb-info-caption-text p-t-none\">\n\t\t\t\t\t\t\t\t\t\t<\/span>\n\t\t\t\t\t\t\t\t\t\t\t\t\n\t\t\t<\/span>\n\t\t\t\t\t\t<\/span>\n\t\t<\/div>\n\t\t<\/div><div class=\"member-slide\">\n\t\t<div class=\"member-item  align-center member-item-2\">\n\t\t\t<span class=\"thumb-info thumb-info-centered-info thumb-info-no-zoom\">\n\n\t\t\t\t\t<span class=\"thumb-info-wrapper\">\n\t\t\t\t\t\t<span class=\"thumb-member-container\">\n\t\t\t\t\t\t\t<a class=\"text-decoration-none member-image\" href=\"https:\/\/riveradelatorre.com\/en\/member\/lic-alejandro-rivera-de-la-torre\/\">\n\t\t\t\t\t\t\t\t<img decoding=\"async\" class=\"img-responsive\" width=\"360\" height=\"220\" src=\"https:\/\/riveradelatorre.com\/wp-content\/uploads\/2021\/03\/Lic.-Alejandro-Rivera-de-la-Torr.jpg\" alt=\"\" \/>\n\t\t\t\t\t\t\t<\/a>\n\t\t\t\t\t\t\t\t\t\t\t\t\t<\/span>\n\t\t\t\t\t\t<a class=\"text-decoration-none member-info-container\" href=\"https:\/\/riveradelatorre.com\/en\/member\/lic-alejandro-rivera-de-la-torre\/\">\n\t\t\t\t\t\t\t\t\t\t\t\t<span class=\"thumb-info-title\">\n\t\t\t\t\t\t\t<span class=\"thumb-info-inner\">View Profile<\/span>\n\t\t\t\t\t\t<\/span>\n\t\t\t\t\t\t\t\t\t\t\t\t\t\t\t\t\t<span class=\"zoom\" data-src=\"https:\/\/riveradelatorre.com\/wp-content\/uploads\/2021\/03\/Lic.-Alejandro-Rivera-de-la-Torr.jpg\" data-title=\"\"><i class=\"fas fa-search\"><\/i><\/span>\n\t\t\t\t\t\t\t\t\t\t<\/a>\n\t\t\t\t\t<\/span> <!--Thumb info wrapper end-->\n\t\t\t\t\t<a class=\"text-decoration-none member-info-container\" href=\"https:\/\/riveradelatorre.com\/en\/member\/lic-alejandro-rivera-de-la-torre\/\">\n\t\t\t\t\t\t\t\t\t<h4 class=\"m-t-md m-b-none\">Mgter. Alejandro Rivera de la Torre<\/h4>\n\t\t\t\t\t\t\t\t\t\t\t<p class=\"m-b-sm color-body\">PARTNER<\/p>\n\t\t\t\t\t\t\t\t\t\t\t\t\t\t\t\t\t<\/a><!-- Global link end -->\n\n\t\t\t\t\t\t<span class=\"thumb-info-caption\">\n\t\t\t\t\t\t\t\t\t<span class=\"thumb-info-caption-text p-t-none\">\n\t\t\t\t\t\t\t\t\t\t<\/span>\n\t\t\t\t\t\t\t\t\t\t\t\t\n\t\t\t<\/span>\n\t\t\t\t\t\t<\/span>\n\t\t<\/div>\n\t\t<\/div>\t<\/div>\n\n\t\n\t<\/div><\/div><\/div><\/div><\/div><\/div><div class=\"vc_row wpb_row vc_custom_1616790983519 vc_row-has-fill porto-inner-container\"><div class=\"porto-wrap-container container\"><div class=\"row align-items-center\"><div class=\"mb-5 mb-xl-0 vc_column_container col-md-6 col-xl-6\"><div class=\"wpb_wrapper vc_column-inner\"><h3 style=\"font-size: 1.2em;line-height: 24px;font-weight:600;letter-spacing:-0.05em\" data-appear-animation=\"lightSpeedIn\" data-appear-animation-delay=\"500\" class=\"vc_custom_heading opacity-9 mb-1 align-left text-uppercase heading-light\">ARE YOU LOOKING FOR<\/h3><h2 style=\"font-size: 2.75em;font-weight:700;letter-spacing:-1px\" data-appear-animation=\"lightSpeedIn\" data-appear-animation-delay=\"750\" class=\"vc_custom_heading mb-2 font-style-normal align-left heading-light\">Experienced lawyers?<\/h2><p style=\"font-size: 1.1em;line-height: 26px\" data-appear-animation=\"lightSpeedIn\" data-appear-animation-delay=\"950\" class=\"vc_custom_heading mb-0 opacity-8 align-left heading-light\">Get a free initial consultation.<\/p><\/div><\/div><div class=\"text-center text-xl-right vc_column_container col-md-6\" data-appear-animation=\"fadeInLeft\" data-appear-animation-delay=\"1600\"><div class=\"wpb_wrapper vc_column-inner\"><div class=\"vc_btn3-container  text-uppercase mb-0 vc_btn3-inline\" >\n\t<a class=\"vc_btn3 vc_btn3-shape-default btn btn-md btn-primary\" style=\"font-weight:600; padding:1.25rem 2.4rem;\" href=\"https:\/\/riveradelatorre.com\/en\/contacto\/\" title=\"CONTACT US\" rel=\"nofollow\">CONTACT US<\/a>\t<\/div>\n<\/div><\/div><\/div><\/div><\/div>\n<\/section>","protected":false},"excerpt":{"rendered":"Lic. Alejandro Rivera de la TorreSocioInformaci\u00f3n de contactoTel\u00e9fono+ (507) 308-0182 Correoariveradlt@riveradelatorre.com Horario laboralLunes a viernes \/ 9:00AM - 8:00PM Biograf\u00eda Abogado id\u00f3neo autorizado para ejercer en Panam\u00e1 y M\u00e9xico, con m\u00e1s de 20 a\u00f1os de experiencia profesional en derecho corporativo, civil, comercial, inmobiliario y financiero. Dirige actualmente la firma Rivera de la Torre, Abogados. Ha [...]","protected":false},"author":1,"featured_media":0,"parent":0,"menu_order":0,"comment_status":"closed","ping_status":"closed","template":"","meta":{"_monsterinsights_skip_tracking":false,"_monsterinsights_sitenote_active":false,"_monsterinsights_sitenote_note":"","_monsterinsights_sitenote_category":0,"_joinchat":[],"footnotes":""},"class_list":["post-11","page","type-page","status-publish","hentry"],"yoast_head":"<!-- This site is optimized with the Yoast SEO plugin v21.7 - https:\/\/yoast.com\/wordpress\/plugins\/seo\/ -->\n<title>Sobre Nosotros - Rivera de la Torre<\/title>\n<meta name=\"robots\" content=\"index, follow, max-snippet:-1, max-image-preview:large, max-video-preview:-1\" \/>\n<link rel=\"canonical\" href=\"https:\/\/riveradelatorre.com\/en\/sobre-nosotros-2\/\" \/>\n<meta property=\"og:locale\" content=\"en_US\" \/>\n<meta property=\"og:type\" content=\"article\" \/>\n<meta property=\"og:title\" content=\"Sobre Nosotros - Rivera de la Torre\" \/>\n<meta property=\"og:url\" content=\"https:\/\/riveradelatorre.com\/en\/sobre-nosotros-2\/\" \/>\n<meta property=\"og:site_name\" content=\"Rivera de la Torre\" \/>\n<meta property=\"article:modified_time\" content=\"2025-11-20T19:43:30+00:00\" \/>\n<meta name=\"twitter:card\" content=\"summary_large_image\" \/>\n<meta name=\"twitter:label1\" content=\"Est. reading time\" \/>\n\t<meta name=\"twitter:data1\" content=\"4 minutes\" \/>\n<script type=\"application\/ld+json\" class=\"yoast-schema-graph\">{\"@context\":\"https:\/\/schema.org\",\"@graph\":[{\"@type\":\"WebPage\",\"@id\":\"https:\/\/riveradelatorre.com\/sobre-nosotros-2\/\",\"url\":\"https:\/\/riveradelatorre.com\/sobre-nosotros-2\/\",\"name\":\"Sobre Nosotros - Rivera de la Torre\",\"isPartOf\":{\"@id\":\"https:\/\/riveradelatorre.com\/#website\"},\"datePublished\":\"2020-12-15T05:26:32+00:00\",\"dateModified\":\"2025-11-20T19:43:30+00:00\",\"breadcrumb\":{\"@id\":\"https:\/\/riveradelatorre.com\/sobre-nosotros-2\/#breadcrumb\"},\"inLanguage\":\"en-US\",\"potentialAction\":[{\"@type\":\"ReadAction\",\"target\":[\"https:\/\/riveradelatorre.com\/sobre-nosotros-2\/\"]}]},{\"@type\":\"BreadcrumbList\",\"@id\":\"https:\/\/riveradelatorre.com\/sobre-nosotros-2\/#breadcrumb\",\"itemListElement\":[{\"@type\":\"ListItem\",\"position\":1,\"name\":\"Portada\",\"item\":\"https:\/\/riveradelatorre.com\/\"},{\"@type\":\"ListItem\",\"position\":2,\"name\":\"Sobre Nosotros\"}]},{\"@type\":\"WebSite\",\"@id\":\"https:\/\/riveradelatorre.com\/#website\",\"url\":\"https:\/\/riveradelatorre.com\/\",\"name\":\"Rivera de la Torre\",\"description\":\"Abogados Panam&aacute;\",\"publisher\":{\"@id\":\"https:\/\/riveradelatorre.com\/#organization\"},\"potentialAction\":[{\"@type\":\"SearchAction\",\"target\":{\"@type\":\"EntryPoint\",\"urlTemplate\":\"https:\/\/riveradelatorre.com\/?s={search_term_string}\"},\"query-input\":\"required name=search_term_string\"}],\"inLanguage\":\"en-US\"},{\"@type\":\"Organization\",\"@id\":\"https:\/\/riveradelatorre.com\/#organization\",\"name\":\"Rivera de la Torre\",\"url\":\"https:\/\/riveradelatorre.com\/\",\"logo\":{\"@type\":\"ImageObject\",\"inLanguage\":\"en-US\",\"@id\":\"https:\/\/riveradelatorre.com\/#\/schema\/logo\/image\/\",\"url\":\"https:\/\/riveradelatorre.com\/wp-content\/uploads\/2021\/04\/logo-vertical.png\",\"contentUrl\":\"https:\/\/riveradelatorre.com\/wp-content\/uploads\/2021\/04\/logo-vertical.png\",\"width\":3345,\"height\":638,\"caption\":\"Rivera de la Torre\"},\"image\":{\"@id\":\"https:\/\/riveradelatorre.com\/#\/schema\/logo\/image\/\"}}]}<\/script>\n<!-- \/ Yoast SEO plugin. -->","yoast_head_json":{"title":"Sobre Nosotros - Rivera de la Torre","robots":{"index":"index","follow":"follow","max-snippet":"max-snippet:-1","max-image-preview":"max-image-preview:large","max-video-preview":"max-video-preview:-1"},"canonical":"https:\/\/riveradelatorre.com\/en\/sobre-nosotros-2\/","og_locale":"en_US","og_type":"article","og_title":"Sobre Nosotros - Rivera de la Torre","og_url":"https:\/\/riveradelatorre.com\/en\/sobre-nosotros-2\/","og_site_name":"Rivera de la Torre","article_modified_time":"2025-11-20T19:43:30+00:00","twitter_card":"summary_large_image","twitter_misc":{"Est. reading time":"4 minutes"},"schema":{"@context":"https:\/\/schema.org","@graph":[{"@type":"WebPage","@id":"https:\/\/riveradelatorre.com\/sobre-nosotros-2\/","url":"https:\/\/riveradelatorre.com\/sobre-nosotros-2\/","name":"Sobre Nosotros - Rivera de la Torre","isPartOf":{"@id":"https:\/\/riveradelatorre.com\/#website"},"datePublished":"2020-12-15T05:26:32+00:00","dateModified":"2025-11-20T19:43:30+00:00","breadcrumb":{"@id":"https:\/\/riveradelatorre.com\/sobre-nosotros-2\/#breadcrumb"},"inLanguage":"en-US","potentialAction":[{"@type":"ReadAction","target":["https:\/\/riveradelatorre.com\/sobre-nosotros-2\/"]}]},{"@type":"BreadcrumbList","@id":"https:\/\/riveradelatorre.com\/sobre-nosotros-2\/#breadcrumb","itemListElement":[{"@type":"ListItem","position":1,"name":"Portada","item":"https:\/\/riveradelatorre.com\/"},{"@type":"ListItem","position":2,"name":"Sobre Nosotros"}]},{"@type":"WebSite","@id":"https:\/\/riveradelatorre.com\/#website","url":"https:\/\/riveradelatorre.com\/","name":"Rivera de la Torre","description":"Abogados Panam&aacute;","publisher":{"@id":"https:\/\/riveradelatorre.com\/#organization"},"potentialAction":[{"@type":"SearchAction","target":{"@type":"EntryPoint","urlTemplate":"https:\/\/riveradelatorre.com\/?s={search_term_string}"},"query-input":"required name=search_term_string"}],"inLanguage":"en-US"},{"@type":"Organization","@id":"https:\/\/riveradelatorre.com\/#organization","name":"Rivera de la Torre","url":"https:\/\/riveradelatorre.com\/","logo":{"@type":"ImageObject","inLanguage":"en-US","@id":"https:\/\/riveradelatorre.com\/#\/schema\/logo\/image\/","url":"https:\/\/riveradelatorre.com\/wp-content\/uploads\/2021\/04\/logo-vertical.png","contentUrl":"https:\/\/riveradelatorre.com\/wp-content\/uploads\/2021\/04\/logo-vertical.png","width":3345,"height":638,"caption":"Rivera de la Torre"},"image":{"@id":"https:\/\/riveradelatorre.com\/#\/schema\/logo\/image\/"}}]}},"_links":{"self":[{"href":"https:\/\/riveradelatorre.com\/en\/wp-json\/wp\/v2\/pages\/11","targetHints":{"allow":["GET"]}}],"collection":[{"href":"https:\/\/riveradelatorre.com\/en\/wp-json\/wp\/v2\/pages"}],"about":[{"href":"https:\/\/riveradelatorre.com\/en\/wp-json\/wp\/v2\/types\/page"}],"author":[{"embeddable":true,"href":"https:\/\/riveradelatorre.com\/en\/wp-json\/wp\/v2\/users\/1"}],"replies":[{"embeddable":true,"href":"https:\/\/riveradelatorre.com\/en\/wp-json\/wp\/v2\/comments?post=11"}],"version-history":[{"count":2,"href":"https:\/\/riveradelatorre.com\/en\/wp-json\/wp\/v2\/pages\/11\/revisions"}],"predecessor-version":[{"id":1188,"href":"https:\/\/riveradelatorre.com\/en\/wp-json\/wp\/v2\/pages\/11\/revisions\/1188"}],"wp:attachment":[{"href":"https:\/\/riveradelatorre.com\/en\/wp-json\/wp\/v2\/media?parent=11"}],"curies":[{"name":"wp","href":"https:\/\/api.w.org\/{rel}","templated":true}]}}