{"id":28,"date":"2020-12-15T05:28:13","date_gmt":"2020-12-15T05:28:13","guid":{"rendered":"http:\/\/sw-themes.com\/porto_dummy\/law-firm2\/?page_id=28"},"modified":"2025-11-17T14:50:32","modified_gmt":"2025-11-17T14:50:32","slug":"contacto","status":"publish","type":"page","link":"https:\/\/riveradelatorre.com\/en\/contacto\/","title":{"rendered":"CONTACT US"},"content":{"rendered":"<section class=\"wpb-content-wrapper\"><div class=\"vc_row wpb_row porto-inner-container\"><div class=\"porto-wrap-container container\"><div class=\"row\"><div class=\"mt-5 vc_column_container col-md-12\"><div class=\"wpb_wrapper vc_column-inner\"><div class=\"porto-u-heading mb-5  wpb_custom_95aa9a11c17ad45cfabaf210d84ee7cc\" data-hspacer=\"line_only\" data-halign=\"left\" style=\"text-align:left\"><div class=\"porto-u-main-heading\"><h2   style=\"font-weight:500;margin-bottom: 10px;\">Ub\u00edcanos<\/h2><\/div><div class=\"porto-u-heading-spacer line_only\" style=\"margin-bottom: 20px;height:2px;\"><span class=\"porto-u-headings-line\" style=\"border-style:solid;border-bottom-width:2px;border-color:#7b0000;width:100px;margin-left: 0\"><\/span><\/div><\/div><\/div><\/div><\/div><\/div><\/div><div class=\"vc_row wpb_row vc_custom_1617043080119 porto-inner-container\"><div class=\"porto-wrap-container container\"><div class=\"row\"><div class=\"vc_column_container col-md-6 vc_custom_1617043114279\"><div class=\"wpb_wrapper vc_column-inner\"><div class=\"porto-sicon-box top-n1-icon-box mb-3 box-ubicanos  wpb_custom_1efe903570d178ff0a9b7bfa5febd3a4 style_1 left-icon\"><div class=\"porto-sicon-left\"><div class=\"porto-just-icon-wrapper porto-icon none\" style=\"color:#7b0000;font-size:23.2px;margin-right:12px;\"><i class=\"Simple-Line-Icons-location-pin\"><\/i><\/div><\/div><div class=\"porto-sicon-body\"><div class=\"porto-sicon-header\"><h3 class=\"porto-sicon-title\" style=\"font-weight:700;font-size:1.2em;line-height:22px;letter-spacing:0;\">Address:<\/h3><p>Avenida Balboa &amp; Calle 27E, Balboa Office Center, 13th Floor, Suite I, Panama City, Republic of Panama.<\/p><\/div> <!-- header --><\/div><\/div><!-- porto-sicon-box --><a class=\"porto-sicon-box-link\" href=\"tel:+507%20308-0182\" rel='nofollow' title='Telephone'><div class=\"porto-sicon-box  vc_custom_1617741094363 top-n1-icon-box mb-3 box-ubicanos  wpb_custom_1efe903570d178ff0a9b7bfa5febd3a4 style_1 left-icon\"><div class=\"porto-sicon-left\"><div class=\"porto-just-icon-wrapper porto-icon none\" style=\"color:#7b0000;font-size:21.1px;margin-right:12px;\"><i class=\"Simple-Line-Icons-phone\"><\/i><\/div><\/div><div class=\"porto-sicon-body\"><div class=\"porto-sicon-header\"><h3 class=\"porto-sicon-title\" style=\"font-weight:700;font-size:1.2em;line-height:22px;letter-spacing:0;\">Telephone:<\/h3><p>+ (507) 308-0182<\/p><\/div> <!-- header --><\/div><\/div><!-- porto-sicon-box --><\/a><a class=\"porto-sicon-box-link\" href=\"mailto:ariveradlt@riveradelatorre.com\" rel='nofollow' title='Lic. Alejandro Rivera de la Torre | Socio'><div class=\"porto-sicon-box top-2-icon-box mb-3 box-ubicanos  wpb_custom_1efe903570d178ff0a9b7bfa5febd3a4 style_1 left-icon\"><div class=\"porto-sicon-left\"><div class=\"porto-just-icon-wrapper porto-icon none\" style=\"color:#7b0000;font-size:23.2px;margin-right:12px;\"><i class=\"Simple-Line-Icons-envelope\"><\/i><\/div><\/div><div class=\"porto-sicon-body\"><div class=\"porto-sicon-header\"><h3 class=\"porto-sicon-title\" style=\"font-weight:700;font-size:1.2em;line-height:22px;letter-spacing:0;\">Email:<\/h3><p>ariveradlt@riveradelatorre.com<\/p><\/div> <!-- header --><\/div><\/div><!-- porto-sicon-box --><\/a><a class=\"porto-sicon-box-link\" href=\"mailto:ariveradlt@riveradelatorre.com\" rel='nofollow' title='Lic. Alejandro Rivera de la Torre | Socio'><div class=\"porto-sicon-box top-2-icon-box mb-3 box-ubicanos  wpb_custom_1efe903570d178ff0a9b7bfa5febd3a4 style_1 left-icon\"><div class=\"porto-sicon-left\"><div class=\"porto-just-icon-wrapper porto-icon none\" style=\"color:#7b0000;font-size:23.2px;margin-right:12px;\"><i class=\"Simple-Line-Icons-clock\"><\/i><\/div><\/div><div class=\"porto-sicon-body\"><div class=\"porto-sicon-header\"><h3 class=\"porto-sicon-title\" style=\"font-weight:700;font-size:1.2em;line-height:22px;letter-spacing:0;\">Hours:<\/h3><p>Monday \u2013 Friday \/ 9:00 a.m. \u2013 6:00 p.m.<\/p><\/div> <!-- header --><\/div><\/div><!-- porto-sicon-box --><\/a><\/div><\/div><div class=\"vc_column_container col-md-6\"><div class=\"wpb_wrapper vc_column-inner\"><div class=\"wpb_gmaps_widget wpb_content_element\"><div class=\"wpb_wrapper\"><div class=\"wpb_map_wraper\"><iframe src=\"https:\/\/www.google.com\/maps\/embed?pb=!1m18!1m12!1m3!1d3941.0914408588656!2d-79.53781808474515!3d8.96372159247488!2m3!1f0!2f0!3f0!3m2!1i1024!2i768!4f13.1!3m3!1m2!1s0x8faca8c7dbcef24b%3A0xa9a3ea93b5941f52!2sBalboa%20Office%20Center!5e0!3m2!1ses!2spa!4v1617040079460!5m2!1ses!2spa\" width=\"100%\" height=\"350\" style=\"border:0;\" allowfullscreen=\"\" loading=\"lazy\"><\/iframe><\/div><\/div><\/div><\/div><\/div><\/div><\/div><\/div><div class=\"vc_row wpb_row row\"><div class=\"vc_column_container col-md-12 offset-xl-3 col-xl-6\"><div class=\"wpb_wrapper vc_column-inner\">\n<div class=\"wpcf7 no-js\" id=\"wpcf7-f6-o1\" lang=\"es-ES\" dir=\"ltr\" data-wpcf7-id=\"6\">\n<div class=\"screen-reader-response\"><p role=\"status\" aria-live=\"polite\" aria-atomic=\"true\"><\/p> <ul><\/ul><\/div>\n<form action=\"\/en\/wp-json\/wp\/v2\/pages\/28#wpcf7-f6-o1\" method=\"post\" class=\"wpcf7-form init\" aria-label=\"Formulario de contacto\" novalidate=\"novalidate\" data-status=\"init\" data-trp-original-action=\"\/en\/wp-json\/wp\/v2\/pages\/28#wpcf7-f6-o1\">\n<fieldset class=\"hidden-fields-container\"><input type=\"hidden\" name=\"_wpcf7\" value=\"6\" \/><input type=\"hidden\" name=\"_wpcf7_version\" value=\"6.1.2\" \/><input type=\"hidden\" name=\"_wpcf7_locale\" value=\"es_ES\" \/><input type=\"hidden\" name=\"_wpcf7_unit_tag\" value=\"wpcf7-f6-o1\" \/><input type=\"hidden\" name=\"_wpcf7_container_post\" value=\"0\" \/><input type=\"hidden\" name=\"_wpcf7_posted_data_hash\" value=\"\" \/>\n<\/fieldset>\n<div class=\"form-contact mb-5\">\n\t<h3 class=\"tituli-form\">Fill out the following form to contact us.\n\t<\/h3>\n\t<div class=\"col-lg-12\">\n\t\t<p><span class=\"wpcf7-form-control-wrap\" data-name=\"your-name\"><input size=\"40\" maxlength=\"400\" class=\"wpcf7-form-control wpcf7-text wpcf7-validates-as-required custom-contact-input\" aria-required=\"true\" aria-invalid=\"false\" placeholder=\"First and Last Name*\" value=\"\" type=\"text\" name=\"your-name\" \/><\/span>\n\t\t<\/p>\n\t<\/div>\n\t<div class=\"col-lg-12\">\n\t\t<p><span class=\"wpcf7-form-control-wrap\" data-name=\"your-puesto\"><input size=\"40\" maxlength=\"400\" class=\"wpcf7-form-control wpcf7-text wpcf7-validates-as-required custom-contact-input\" aria-required=\"true\" aria-invalid=\"false\" placeholder=\"Rol*\" value=\"\" type=\"text\" name=\"your-puesto\" \/><\/span>\n\t\t<\/p>\n\t<\/div>\n\t<div class=\"col-lg-12\">\n\t\t<p><span class=\"wpcf7-form-control-wrap\" data-name=\"your-direccion\"><input size=\"40\" maxlength=\"400\" class=\"wpcf7-form-control wpcf7-text wpcf7-validates-as-required custom-contact-input\" aria-required=\"true\" aria-invalid=\"false\" placeholder=\"Address*\" value=\"\" type=\"text\" name=\"your-direccion\" \/><\/span>\n\t\t<\/p>\n\t<\/div>\n\t<div class=\"col-lg-12\">\n\t\t<p><span class=\"wpcf7-form-control-wrap\" data-name=\"your-email\"><input size=\"40\" maxlength=\"400\" class=\"wpcf7-form-control wpcf7-email wpcf7-validates-as-required wpcf7-text wpcf7-validates-as-email custom-contact-input\" aria-required=\"true\" aria-invalid=\"false\" placeholder=\"Email *\" value=\"\" type=\"email\" name=\"your-email\" \/><\/span>\n\t\t<\/p>\n\t<\/div>\n\t<div class=\"col-lg-12\">\n\t\t<p><span class=\"wpcf7-form-control-wrap\" data-name=\"your-phone\"><input size=\"40\" maxlength=\"400\" class=\"wpcf7-form-control wpcf7-text wpcf7-validates-as-required custom-contact-input\" aria-required=\"true\" aria-invalid=\"false\" placeholder=\"Phone*\" value=\"\" type=\"text\" name=\"your-phone\" \/><\/span>\n\t\t<\/p>\n\t<\/div>\n\t<div class=\"col-lg-12\">\n\t\t<p><span class=\"wpcf7-form-control-wrap\" data-name=\"txt-msg\"><textarea cols=\"40\" rows=\"10\" maxlength=\"2000\" class=\"wpcf7-form-control wpcf7-textarea custom-contact-input\" aria-invalid=\"false\" placeholder=\"Message*\" name=\"txt-msg\"><\/textarea><\/span>\n\t\t<\/p>\n\t<\/div>\n\t<div class=\"col-lg-12 mt-2\">\n\t\t<p><input class=\"wpcf7-form-control wpcf7-submit has-spinner custom-btn-primary\" type=\"submit\" value=\"SEND\" \/>\n\t\t<\/p>\n\t<\/div>\n<\/div><p style=\"display: none !important;\" class=\"akismet-fields-container\" data-prefix=\"_wpcf7_ak_\"><label>&#916;<textarea name=\"_wpcf7_ak_hp_textarea\" cols=\"45\" rows=\"8\" maxlength=\"100\"><\/textarea><\/label><input type=\"hidden\" id=\"ak_js_1\" name=\"_wpcf7_ak_js\" value=\"30\"\/><script>document.getElementById( \"ak_js_1\" ).setAttribute( \"value\", ( new Date() ).getTime() );<\/script><\/p><div class=\"wpcf7-response-output\" aria-hidden=\"true\"><\/div>\n<input type=\"hidden\" name=\"trp-form-language\" value=\"en\"\/><\/form>\n<\/div>\n<\/div><\/div><\/div>\n<\/section>","protected":false},"excerpt":{"rendered":"Ub\u00edcanosDirecci\u00f3n:Avenida Balboa y Calle 27e, Edificio Balboa Office Center, Piso 13, Oficina I, Ciudad de Panam\u00e1, Rep\u00fablica de Panam\u00e1. Tel\u00e9fono:+ (507) 308-0182 Correo:ariveradlt@riveradelatorre.com Horario:Lunes a viernes 9:00 a.m. \u2013 6:00 p.m. Llene el siguiente formulario para contactarce con nosotros &#916;","protected":false},"author":1,"featured_media":0,"parent":0,"menu_order":0,"comment_status":"closed","ping_status":"closed","template":"","meta":{"_monsterinsights_skip_tracking":false,"_monsterinsights_sitenote_active":false,"_monsterinsights_sitenote_note":"","_monsterinsights_sitenote_category":0,"_joinchat":[],"footnotes":""},"class_list":["post-28","page","type-page","status-publish","hentry"],"yoast_head":"<!-- This site is optimized with the Yoast SEO plugin v21.7 - https:\/\/yoast.com\/wordpress\/plugins\/seo\/ -->\n<title>Contacto - Rivera de la Torre<\/title>\n<meta name=\"robots\" content=\"index, follow, max-snippet:-1, max-image-preview:large, max-video-preview:-1\" \/>\n<link rel=\"canonical\" href=\"https:\/\/riveradelatorre.com\/en\/contacto\/\" \/>\n<meta property=\"og:locale\" content=\"en_US\" \/>\n<meta property=\"og:type\" content=\"article\" \/>\n<meta property=\"og:title\" content=\"Contacto - Rivera de la Torre\" \/>\n<meta property=\"og:url\" content=\"https:\/\/riveradelatorre.com\/en\/contacto\/\" \/>\n<meta property=\"og:site_name\" content=\"Rivera de la Torre\" \/>\n<meta property=\"article:modified_time\" content=\"2025-11-17T14:50:32+00:00\" \/>\n<meta name=\"twitter:card\" content=\"summary_large_image\" \/>\n<meta name=\"twitter:label1\" content=\"Est. reading time\" \/>\n\t<meta name=\"twitter:data1\" content=\"1 minute\" \/>\n<script type=\"application\/ld+json\" class=\"yoast-schema-graph\">{\"@context\":\"https:\/\/schema.org\",\"@graph\":[{\"@type\":\"WebPage\",\"@id\":\"https:\/\/riveradelatorre.com\/contacto\/\",\"url\":\"https:\/\/riveradelatorre.com\/contacto\/\",\"name\":\"Contacto - Rivera de la Torre\",\"isPartOf\":{\"@id\":\"https:\/\/riveradelatorre.com\/#website\"},\"datePublished\":\"2020-12-15T05:28:13+00:00\",\"dateModified\":\"2025-11-17T14:50:32+00:00\",\"breadcrumb\":{\"@id\":\"https:\/\/riveradelatorre.com\/contacto\/#breadcrumb\"},\"inLanguage\":\"en-US\",\"potentialAction\":[{\"@type\":\"ReadAction\",\"target\":[\"https:\/\/riveradelatorre.com\/contacto\/\"]}]},{\"@type\":\"BreadcrumbList\",\"@id\":\"https:\/\/riveradelatorre.com\/contacto\/#breadcrumb\",\"itemListElement\":[{\"@type\":\"ListItem\",\"position\":1,\"name\":\"Portada\",\"item\":\"https:\/\/riveradelatorre.com\/\"},{\"@type\":\"ListItem\",\"position\":2,\"name\":\"Contacto\"}]},{\"@type\":\"WebSite\",\"@id\":\"https:\/\/riveradelatorre.com\/#website\",\"url\":\"https:\/\/riveradelatorre.com\/\",\"name\":\"Rivera de la Torre\",\"description\":\"Abogados Panam&aacute;\",\"publisher\":{\"@id\":\"https:\/\/riveradelatorre.com\/#organization\"},\"potentialAction\":[{\"@type\":\"SearchAction\",\"target\":{\"@type\":\"EntryPoint\",\"urlTemplate\":\"https:\/\/riveradelatorre.com\/?s={search_term_string}\"},\"query-input\":\"required name=search_term_string\"}],\"inLanguage\":\"en-US\"},{\"@type\":\"Organization\",\"@id\":\"https:\/\/riveradelatorre.com\/#organization\",\"name\":\"Rivera de la Torre\",\"url\":\"https:\/\/riveradelatorre.com\/\",\"logo\":{\"@type\":\"ImageObject\",\"inLanguage\":\"en-US\",\"@id\":\"https:\/\/riveradelatorre.com\/#\/schema\/logo\/image\/\",\"url\":\"https:\/\/riveradelatorre.com\/wp-content\/uploads\/2021\/04\/logo-vertical.png\",\"contentUrl\":\"https:\/\/riveradelatorre.com\/wp-content\/uploads\/2021\/04\/logo-vertical.png\",\"width\":3345,\"height\":638,\"caption\":\"Rivera de la Torre\"},\"image\":{\"@id\":\"https:\/\/riveradelatorre.com\/#\/schema\/logo\/image\/\"}}]}<\/script>\n<!-- \/ Yoast SEO plugin. -->","yoast_head_json":{"title":"Contacto - Rivera de la Torre","robots":{"index":"index","follow":"follow","max-snippet":"max-snippet:-1","max-image-preview":"max-image-preview:large","max-video-preview":"max-video-preview:-1"},"canonical":"https:\/\/riveradelatorre.com\/en\/contacto\/","og_locale":"en_US","og_type":"article","og_title":"Contacto - Rivera de la Torre","og_url":"https:\/\/riveradelatorre.com\/en\/contacto\/","og_site_name":"Rivera de la Torre","article_modified_time":"2025-11-17T14:50:32+00:00","twitter_card":"summary_large_image","twitter_misc":{"Est. reading time":"1 minute"},"schema":{"@context":"https:\/\/schema.org","@graph":[{"@type":"WebPage","@id":"https:\/\/riveradelatorre.com\/contacto\/","url":"https:\/\/riveradelatorre.com\/contacto\/","name":"Contacto - Rivera de la Torre","isPartOf":{"@id":"https:\/\/riveradelatorre.com\/#website"},"datePublished":"2020-12-15T05:28:13+00:00","dateModified":"2025-11-17T14:50:32+00:00","breadcrumb":{"@id":"https:\/\/riveradelatorre.com\/contacto\/#breadcrumb"},"inLanguage":"en-US","potentialAction":[{"@type":"ReadAction","target":["https:\/\/riveradelatorre.com\/contacto\/"]}]},{"@type":"BreadcrumbList","@id":"https:\/\/riveradelatorre.com\/contacto\/#breadcrumb","itemListElement":[{"@type":"ListItem","position":1,"name":"Portada","item":"https:\/\/riveradelatorre.com\/"},{"@type":"ListItem","position":2,"name":"Contacto"}]},{"@type":"WebSite","@id":"https:\/\/riveradelatorre.com\/#website","url":"https:\/\/riveradelatorre.com\/","name":"Rivera de la Torre","description":"Abogados Panam&aacute;","publisher":{"@id":"https:\/\/riveradelatorre.com\/#organization"},"potentialAction":[{"@type":"SearchAction","target":{"@type":"EntryPoint","urlTemplate":"https:\/\/riveradelatorre.com\/?s={search_term_string}"},"query-input":"required name=search_term_string"}],"inLanguage":"en-US"},{"@type":"Organization","@id":"https:\/\/riveradelatorre.com\/#organization","name":"Rivera de la Torre","url":"https:\/\/riveradelatorre.com\/","logo":{"@type":"ImageObject","inLanguage":"en-US","@id":"https:\/\/riveradelatorre.com\/#\/schema\/logo\/image\/","url":"https:\/\/riveradelatorre.com\/wp-content\/uploads\/2021\/04\/logo-vertical.png","contentUrl":"https:\/\/riveradelatorre.com\/wp-content\/uploads\/2021\/04\/logo-vertical.png","width":3345,"height":638,"caption":"Rivera de la Torre"},"image":{"@id":"https:\/\/riveradelatorre.com\/#\/schema\/logo\/image\/"}}]}},"_links":{"self":[{"href":"https:\/\/riveradelatorre.com\/en\/wp-json\/wp\/v2\/pages\/28","targetHints":{"allow":["GET"]}}],"collection":[{"href":"https:\/\/riveradelatorre.com\/en\/wp-json\/wp\/v2\/pages"}],"about":[{"href":"https:\/\/riveradelatorre.com\/en\/wp-json\/wp\/v2\/types\/page"}],"author":[{"embeddable":true,"href":"https:\/\/riveradelatorre.com\/en\/wp-json\/wp\/v2\/users\/1"}],"replies":[{"embeddable":true,"href":"https:\/\/riveradelatorre.com\/en\/wp-json\/wp\/v2\/comments?post=28"}],"version-history":[{"count":3,"href":"https:\/\/riveradelatorre.com\/en\/wp-json\/wp\/v2\/pages\/28\/revisions"}],"predecessor-version":[{"id":1164,"href":"https:\/\/riveradelatorre.com\/en\/wp-json\/wp\/v2\/pages\/28\/revisions\/1164"}],"wp:attachment":[{"href":"https:\/\/riveradelatorre.com\/en\/wp-json\/wp\/v2\/media?parent=28"}],"curies":[{"name":"wp","href":"https:\/\/api.w.org\/{rel}","templated":true}]}}