{"id":808,"date":"2021-03-30T14:35:36","date_gmt":"2021-03-30T14:35:36","guid":{"rendered":"https:\/\/riveradelatorre.com\/?page_id=808"},"modified":"2025-11-16T22:00:29","modified_gmt":"2025-11-16T22:00:29","slug":"planificacion-patrimonial","status":"publish","type":"page","link":"https:\/\/riveradelatorre.com\/en\/servicios\/planificacion-patrimonial\/","title":{"rendered":"ESTATE PLANNING"},"content":{"rendered":"<section class=\"wpb-content-wrapper\"><div class=\"vc_row wpb_row porto-inner-container\"><div class=\"porto-wrap-container container\"><div class=\"row\"><div class=\"vc_column_container col-md-12\"><div class=\"wpb_wrapper vc_column-inner\"><div class=\"porto-u-heading  wpb_custom_95aa9a11c17ad45cfabaf210d84ee7cc\" data-hspacer=\"line_only\" data-halign=\"left\" style=\"text-align:left\"><div class=\"porto-u-main-heading\"><h2   style=\"font-weight:500;margin-bottom: 10px;\">ESTATE PLANNING<\/h2><\/div><div class=\"porto-u-heading-spacer line_only\" style=\"margin-bottom: 20px;height:2px;\"><span class=\"porto-u-headings-line\" style=\"border-style:solid;border-bottom-width:2px;border-color:#7b0000;width:100px;margin-left: 0\"><\/span><\/div><\/div>\n\t<div class=\"wpb_text_column wpb_content_element\" >\n\t\t<div class=\"wpb_wrapper\">\n\t\t\t<p>We design legal strategies to protect personal and family wealth, ensuring continuity and stability across generations.<br \/>\nPanama offers a solid and confidential legal framework for asset structuring through private interest foundations and trusts.<\/p>\n\n\t\t<\/div>\n\t<\/div>\n\n\t<div class=\"wpb_text_column wpb_content_element\" >\n\t\t<div class=\"wpb_wrapper\">\n\t\t\t<p><strong>SERVICES<\/strong><\/p>\n<ul>\n<li>Structuring of estate planning vehicles.<\/li>\n<li>Drafting and formalization of wills and trusts.<\/li>\n<li>Advisory in inheritance and probate disputes.<\/li>\n<li>Family protocols and wealth agreements.<\/li>\n<li>Tax and succession optimization for cross-border estates.<\/li>\n<\/ul>\n\n\t\t<\/div>\n\t<\/div>\n<\/div><\/div><\/div><\/div><\/div>\n<\/section>","protected":false},"excerpt":{"rendered":"PLANIFICACI\u00d3N PATRIMONIAL Dise\u00f1amos estrategias jur\u00eddicas para la protecci\u00f3n del patrimonio personal o familiar, asegurando continuidad y estabilidad a lo largo del tiempo. Panam\u00e1 ofrece un marco legal s\u00f3lido y confidencial para la estructuraci\u00f3n patrimonial a trav\u00e9s de fundaciones de inter\u00e9s privado y fideicomisos. Servicios: Dise\u00f1o y ejecuci\u00f3n de estructuras de planificaci\u00f3n patrimonial. Elaboraci\u00f3n y formalizaci\u00f3n [...]","protected":false},"author":1,"featured_media":0,"parent":13,"menu_order":0,"comment_status":"closed","ping_status":"closed","template":"","meta":{"_monsterinsights_skip_tracking":false,"_monsterinsights_sitenote_active":false,"_monsterinsights_sitenote_note":"","_monsterinsights_sitenote_category":0,"_joinchat":[],"footnotes":""},"class_list":["post-808","page","type-page","status-publish","hentry"],"yoast_head":"<!-- This site is optimized with the Yoast SEO plugin v21.7 - https:\/\/yoast.com\/wordpress\/plugins\/seo\/ -->\n<title>PLANIFICACI\u00d3N PATRIMONIAL - Rivera de la Torre<\/title>\n<meta name=\"robots\" content=\"index, follow, max-snippet:-1, max-image-preview:large, max-video-preview:-1\" \/>\n<link rel=\"canonical\" href=\"https:\/\/riveradelatorre.com\/en\/servicios\/planificacion-patrimonial\/\" \/>\n<meta property=\"og:locale\" content=\"en_US\" \/>\n<meta property=\"og:type\" content=\"article\" \/>\n<meta property=\"og:title\" content=\"PLANIFICACI\u00d3N PATRIMONIAL - Rivera de la Torre\" \/>\n<meta property=\"og:url\" content=\"https:\/\/riveradelatorre.com\/en\/servicios\/planificacion-patrimonial\/\" \/>\n<meta property=\"og:site_name\" content=\"Rivera de la Torre\" \/>\n<meta property=\"article:modified_time\" content=\"2025-11-16T22:00:29+00:00\" \/>\n<meta name=\"twitter:card\" content=\"summary_large_image\" \/>\n<meta name=\"twitter:label1\" content=\"Est. reading time\" \/>\n\t<meta name=\"twitter:data1\" content=\"1 minute\" \/>\n<script type=\"application\/ld+json\" class=\"yoast-schema-graph\">{\"@context\":\"https:\/\/schema.org\",\"@graph\":[{\"@type\":\"WebPage\",\"@id\":\"https:\/\/riveradelatorre.com\/servicios\/planificacion-patrimonial\/\",\"url\":\"https:\/\/riveradelatorre.com\/servicios\/planificacion-patrimonial\/\",\"name\":\"PLANIFICACI\u00d3N PATRIMONIAL - Rivera de la Torre\",\"isPartOf\":{\"@id\":\"https:\/\/riveradelatorre.com\/#website\"},\"datePublished\":\"2021-03-30T14:35:36+00:00\",\"dateModified\":\"2025-11-16T22:00:29+00:00\",\"breadcrumb\":{\"@id\":\"https:\/\/riveradelatorre.com\/servicios\/planificacion-patrimonial\/#breadcrumb\"},\"inLanguage\":\"en-US\",\"potentialAction\":[{\"@type\":\"ReadAction\",\"target\":[\"https:\/\/riveradelatorre.com\/servicios\/planificacion-patrimonial\/\"]}]},{\"@type\":\"BreadcrumbList\",\"@id\":\"https:\/\/riveradelatorre.com\/servicios\/planificacion-patrimonial\/#breadcrumb\",\"itemListElement\":[{\"@type\":\"ListItem\",\"position\":1,\"name\":\"Portada\",\"item\":\"https:\/\/riveradelatorre.com\/\"},{\"@type\":\"ListItem\",\"position\":2,\"name\":\"Servicios\",\"item\":\"https:\/\/riveradelatorre.com\/servicios\/\"},{\"@type\":\"ListItem\",\"position\":3,\"name\":\"PLANIFICACI\u00d3N PATRIMONIAL\"}]},{\"@type\":\"WebSite\",\"@id\":\"https:\/\/riveradelatorre.com\/#website\",\"url\":\"https:\/\/riveradelatorre.com\/\",\"name\":\"Rivera de la Torre\",\"description\":\"Abogados Panam&aacute;\",\"publisher\":{\"@id\":\"https:\/\/riveradelatorre.com\/#organization\"},\"potentialAction\":[{\"@type\":\"SearchAction\",\"target\":{\"@type\":\"EntryPoint\",\"urlTemplate\":\"https:\/\/riveradelatorre.com\/?s={search_term_string}\"},\"query-input\":\"required name=search_term_string\"}],\"inLanguage\":\"en-US\"},{\"@type\":\"Organization\",\"@id\":\"https:\/\/riveradelatorre.com\/#organization\",\"name\":\"Rivera de la Torre\",\"url\":\"https:\/\/riveradelatorre.com\/\",\"logo\":{\"@type\":\"ImageObject\",\"inLanguage\":\"en-US\",\"@id\":\"https:\/\/riveradelatorre.com\/#\/schema\/logo\/image\/\",\"url\":\"https:\/\/riveradelatorre.com\/wp-content\/uploads\/2021\/04\/logo-vertical.png\",\"contentUrl\":\"https:\/\/riveradelatorre.com\/wp-content\/uploads\/2021\/04\/logo-vertical.png\",\"width\":3345,\"height\":638,\"caption\":\"Rivera de la Torre\"},\"image\":{\"@id\":\"https:\/\/riveradelatorre.com\/#\/schema\/logo\/image\/\"}}]}<\/script>\n<!-- \/ Yoast SEO plugin. -->","yoast_head_json":{"title":"PLANIFICACI\u00d3N PATRIMONIAL - Rivera de la Torre","robots":{"index":"index","follow":"follow","max-snippet":"max-snippet:-1","max-image-preview":"max-image-preview:large","max-video-preview":"max-video-preview:-1"},"canonical":"https:\/\/riveradelatorre.com\/en\/servicios\/planificacion-patrimonial\/","og_locale":"en_US","og_type":"article","og_title":"PLANIFICACI\u00d3N PATRIMONIAL - Rivera de la Torre","og_url":"https:\/\/riveradelatorre.com\/en\/servicios\/planificacion-patrimonial\/","og_site_name":"Rivera de la Torre","article_modified_time":"2025-11-16T22:00:29+00:00","twitter_card":"summary_large_image","twitter_misc":{"Est. reading time":"1 minute"},"schema":{"@context":"https:\/\/schema.org","@graph":[{"@type":"WebPage","@id":"https:\/\/riveradelatorre.com\/servicios\/planificacion-patrimonial\/","url":"https:\/\/riveradelatorre.com\/servicios\/planificacion-patrimonial\/","name":"PLANIFICACI\u00d3N PATRIMONIAL - Rivera de la Torre","isPartOf":{"@id":"https:\/\/riveradelatorre.com\/#website"},"datePublished":"2021-03-30T14:35:36+00:00","dateModified":"2025-11-16T22:00:29+00:00","breadcrumb":{"@id":"https:\/\/riveradelatorre.com\/servicios\/planificacion-patrimonial\/#breadcrumb"},"inLanguage":"en-US","potentialAction":[{"@type":"ReadAction","target":["https:\/\/riveradelatorre.com\/servicios\/planificacion-patrimonial\/"]}]},{"@type":"BreadcrumbList","@id":"https:\/\/riveradelatorre.com\/servicios\/planificacion-patrimonial\/#breadcrumb","itemListElement":[{"@type":"ListItem","position":1,"name":"Portada","item":"https:\/\/riveradelatorre.com\/"},{"@type":"ListItem","position":2,"name":"Servicios","item":"https:\/\/riveradelatorre.com\/servicios\/"},{"@type":"ListItem","position":3,"name":"PLANIFICACI\u00d3N PATRIMONIAL"}]},{"@type":"WebSite","@id":"https:\/\/riveradelatorre.com\/#website","url":"https:\/\/riveradelatorre.com\/","name":"Rivera de la Torre","description":"Abogados Panam&aacute;","publisher":{"@id":"https:\/\/riveradelatorre.com\/#organization"},"potentialAction":[{"@type":"SearchAction","target":{"@type":"EntryPoint","urlTemplate":"https:\/\/riveradelatorre.com\/?s={search_term_string}"},"query-input":"required name=search_term_string"}],"inLanguage":"en-US"},{"@type":"Organization","@id":"https:\/\/riveradelatorre.com\/#organization","name":"Rivera de la Torre","url":"https:\/\/riveradelatorre.com\/","logo":{"@type":"ImageObject","inLanguage":"en-US","@id":"https:\/\/riveradelatorre.com\/#\/schema\/logo\/image\/","url":"https:\/\/riveradelatorre.com\/wp-content\/uploads\/2021\/04\/logo-vertical.png","contentUrl":"https:\/\/riveradelatorre.com\/wp-content\/uploads\/2021\/04\/logo-vertical.png","width":3345,"height":638,"caption":"Rivera de la Torre"},"image":{"@id":"https:\/\/riveradelatorre.com\/#\/schema\/logo\/image\/"}}]}},"_links":{"self":[{"href":"https:\/\/riveradelatorre.com\/en\/wp-json\/wp\/v2\/pages\/808","targetHints":{"allow":["GET"]}}],"collection":[{"href":"https:\/\/riveradelatorre.com\/en\/wp-json\/wp\/v2\/pages"}],"about":[{"href":"https:\/\/riveradelatorre.com\/en\/wp-json\/wp\/v2\/types\/page"}],"author":[{"embeddable":true,"href":"https:\/\/riveradelatorre.com\/en\/wp-json\/wp\/v2\/users\/1"}],"replies":[{"embeddable":true,"href":"https:\/\/riveradelatorre.com\/en\/wp-json\/wp\/v2\/comments?post=808"}],"version-history":[{"count":3,"href":"https:\/\/riveradelatorre.com\/en\/wp-json\/wp\/v2\/pages\/808\/revisions"}],"predecessor-version":[{"id":1161,"href":"https:\/\/riveradelatorre.com\/en\/wp-json\/wp\/v2\/pages\/808\/revisions\/1161"}],"up":[{"embeddable":true,"href":"https:\/\/riveradelatorre.com\/en\/wp-json\/wp\/v2\/pages\/13"}],"wp:attachment":[{"href":"https:\/\/riveradelatorre.com\/en\/wp-json\/wp\/v2\/media?parent=808"}],"curies":[{"name":"wp","href":"https:\/\/api.w.org\/{rel}","templated":true}]}}