{"id":817,"date":"2021-03-30T14:41:24","date_gmt":"2021-03-30T14:41:24","guid":{"rendered":"https:\/\/riveradelatorre.com\/?page_id=817"},"modified":"2025-11-17T14:32:51","modified_gmt":"2025-11-17T14:32:51","slug":"corporativo-y-comercial","status":"publish","type":"page","link":"https:\/\/riveradelatorre.com\/en\/servicios\/corporativo-y-comercial\/","title":{"rendered":"CORPORATE AND COMMERCIAL LAW"},"content":{"rendered":"<section class=\"wpb-content-wrapper\"><div class=\"vc_row wpb_row porto-inner-container\"><div class=\"porto-wrap-container container\"><div class=\"row\"><div class=\"vc_column_container col-md-12\"><div class=\"wpb_wrapper vc_column-inner\"><div class=\"porto-u-heading  wpb_custom_95aa9a11c17ad45cfabaf210d84ee7cc\" data-hspacer=\"line_only\" data-halign=\"left\" style=\"text-align:left\"><div class=\"porto-u-main-heading\"><h2   style=\"font-weight:500;margin-bottom: 10px;\">CORPORATE AND COMMERCIAL LAW<\/h2><\/div><div class=\"porto-u-heading-spacer line_only\" style=\"margin-bottom: 20px;height:2px;\"><span class=\"porto-u-headings-line\" style=\"border-style:solid;border-bottom-width:2px;border-color:#7b0000;width:100px;margin-left: 0\"><\/span><\/div><\/div>\n\t<div class=\"wpb_text_column wpb_content_element\" >\n\t\t<div class=\"wpb_wrapper\">\n\t\t\t<p>We advise local and international companies on all aspects of corporate management, structure, and operations, providing legal solutions designed to optimize efficiency and protect business interests.<br \/>\nOur approach combines legal precision with business insight, ensuring that every decision is aligned with the client\u2019s strategic objectives.<\/p>\n\n\t\t<\/div>\n\t<\/div>\n\n\t<div class=\"wpb_text_column wpb_content_element\" >\n\t\t<div class=\"wpb_wrapper\">\n\t\t\t<p><strong>SERVICES<\/strong><\/p>\n<ul>\n<li>Mergers, acquisitions, spin-offs, and corporate reorganizations.<\/li>\n<li>Drafting, reviewing, and negotiating civil, commercial, financial, and securities contracts.<\/li>\n<li>Due diligence processes for M&amp;A and investment transactions.<\/li>\n<li>Ongoing legal advice to national and foreign corporations.<\/li>\n<li>Regulatory and tax optimization for new ventures or projects.<\/li>\n<li>Corporate governance, shareholder relations, and company bylaws.<\/li>\n<\/ul>\n\n\t\t<\/div>\n\t<\/div>\n<\/div><\/div><\/div><\/div><\/div>\n<\/section>","protected":false},"excerpt":{"rendered":"CORPORATIVO Y COMERCIAL Asesoramos a\u00a0empresas locales e internacionales\u00a0en todos los aspectos relacionados con la\u00a0gesti\u00f3n, estructura y operaci\u00f3n corporativa, brindando soluciones jur\u00eddicas dise\u00f1adas para optimizar su funcionamiento y proteger sus intereses. Nuestro enfoque combina\u00a0precisi\u00f3n legal\u00a0con\u00a0visi\u00f3n empresarial, asegurando que cada decisi\u00f3n est\u00e9 alineada con los objetivos estrat\u00e9gicos del cliente. Servicios: Asesor\u00eda en\u00a0fusiones, adquisiciones, escisiones y reorganizaciones empresariales. [...]","protected":false},"author":1,"featured_media":0,"parent":13,"menu_order":0,"comment_status":"closed","ping_status":"closed","template":"","meta":{"_monsterinsights_skip_tracking":false,"_monsterinsights_sitenote_active":false,"_monsterinsights_sitenote_note":"","_monsterinsights_sitenote_category":0,"_joinchat":[],"footnotes":""},"class_list":["post-817","page","type-page","status-publish","hentry"],"yoast_head":"<!-- This site is optimized with the Yoast SEO plugin v21.7 - https:\/\/yoast.com\/wordpress\/plugins\/seo\/ -->\n<title>CORPORATIVO Y COMERCIAL - Rivera de la Torre<\/title>\n<meta name=\"robots\" content=\"index, follow, max-snippet:-1, max-image-preview:large, max-video-preview:-1\" \/>\n<link rel=\"canonical\" href=\"https:\/\/riveradelatorre.com\/en\/servicios\/corporativo-y-comercial\/\" \/>\n<meta property=\"og:locale\" content=\"en_US\" \/>\n<meta property=\"og:type\" content=\"article\" \/>\n<meta property=\"og:title\" content=\"CORPORATIVO Y COMERCIAL - Rivera de la Torre\" \/>\n<meta property=\"og:url\" content=\"https:\/\/riveradelatorre.com\/en\/servicios\/corporativo-y-comercial\/\" \/>\n<meta property=\"og:site_name\" content=\"Rivera de la Torre\" \/>\n<meta property=\"article:modified_time\" content=\"2025-11-17T14:32:51+00:00\" \/>\n<meta name=\"twitter:card\" content=\"summary_large_image\" \/>\n<meta name=\"twitter:label1\" content=\"Est. reading time\" \/>\n\t<meta name=\"twitter:data1\" content=\"1 minute\" \/>\n<script type=\"application\/ld+json\" class=\"yoast-schema-graph\">{\"@context\":\"https:\/\/schema.org\",\"@graph\":[{\"@type\":\"WebPage\",\"@id\":\"https:\/\/riveradelatorre.com\/servicios\/corporativo-y-comercial\/\",\"url\":\"https:\/\/riveradelatorre.com\/servicios\/corporativo-y-comercial\/\",\"name\":\"CORPORATIVO Y COMERCIAL - Rivera de la Torre\",\"isPartOf\":{\"@id\":\"https:\/\/riveradelatorre.com\/#website\"},\"datePublished\":\"2021-03-30T14:41:24+00:00\",\"dateModified\":\"2025-11-17T14:32:51+00:00\",\"breadcrumb\":{\"@id\":\"https:\/\/riveradelatorre.com\/servicios\/corporativo-y-comercial\/#breadcrumb\"},\"inLanguage\":\"en-US\",\"potentialAction\":[{\"@type\":\"ReadAction\",\"target\":[\"https:\/\/riveradelatorre.com\/servicios\/corporativo-y-comercial\/\"]}]},{\"@type\":\"BreadcrumbList\",\"@id\":\"https:\/\/riveradelatorre.com\/servicios\/corporativo-y-comercial\/#breadcrumb\",\"itemListElement\":[{\"@type\":\"ListItem\",\"position\":1,\"name\":\"Portada\",\"item\":\"https:\/\/riveradelatorre.com\/\"},{\"@type\":\"ListItem\",\"position\":2,\"name\":\"Servicios\",\"item\":\"https:\/\/riveradelatorre.com\/servicios\/\"},{\"@type\":\"ListItem\",\"position\":3,\"name\":\"CORPORATIVO Y COMERCIAL\"}]},{\"@type\":\"WebSite\",\"@id\":\"https:\/\/riveradelatorre.com\/#website\",\"url\":\"https:\/\/riveradelatorre.com\/\",\"name\":\"Rivera de la Torre\",\"description\":\"Abogados Panam&aacute;\",\"publisher\":{\"@id\":\"https:\/\/riveradelatorre.com\/#organization\"},\"potentialAction\":[{\"@type\":\"SearchAction\",\"target\":{\"@type\":\"EntryPoint\",\"urlTemplate\":\"https:\/\/riveradelatorre.com\/?s={search_term_string}\"},\"query-input\":\"required name=search_term_string\"}],\"inLanguage\":\"en-US\"},{\"@type\":\"Organization\",\"@id\":\"https:\/\/riveradelatorre.com\/#organization\",\"name\":\"Rivera de la Torre\",\"url\":\"https:\/\/riveradelatorre.com\/\",\"logo\":{\"@type\":\"ImageObject\",\"inLanguage\":\"en-US\",\"@id\":\"https:\/\/riveradelatorre.com\/#\/schema\/logo\/image\/\",\"url\":\"https:\/\/riveradelatorre.com\/wp-content\/uploads\/2021\/04\/logo-vertical.png\",\"contentUrl\":\"https:\/\/riveradelatorre.com\/wp-content\/uploads\/2021\/04\/logo-vertical.png\",\"width\":3345,\"height\":638,\"caption\":\"Rivera de la Torre\"},\"image\":{\"@id\":\"https:\/\/riveradelatorre.com\/#\/schema\/logo\/image\/\"}}]}<\/script>\n<!-- \/ Yoast SEO plugin. -->","yoast_head_json":{"title":"CORPORATIVO Y COMERCIAL - Rivera de la Torre","robots":{"index":"index","follow":"follow","max-snippet":"max-snippet:-1","max-image-preview":"max-image-preview:large","max-video-preview":"max-video-preview:-1"},"canonical":"https:\/\/riveradelatorre.com\/en\/servicios\/corporativo-y-comercial\/","og_locale":"en_US","og_type":"article","og_title":"CORPORATIVO Y COMERCIAL - Rivera de la Torre","og_url":"https:\/\/riveradelatorre.com\/en\/servicios\/corporativo-y-comercial\/","og_site_name":"Rivera de la Torre","article_modified_time":"2025-11-17T14:32:51+00:00","twitter_card":"summary_large_image","twitter_misc":{"Est. reading time":"1 minute"},"schema":{"@context":"https:\/\/schema.org","@graph":[{"@type":"WebPage","@id":"https:\/\/riveradelatorre.com\/servicios\/corporativo-y-comercial\/","url":"https:\/\/riveradelatorre.com\/servicios\/corporativo-y-comercial\/","name":"CORPORATIVO Y COMERCIAL - Rivera de la Torre","isPartOf":{"@id":"https:\/\/riveradelatorre.com\/#website"},"datePublished":"2021-03-30T14:41:24+00:00","dateModified":"2025-11-17T14:32:51+00:00","breadcrumb":{"@id":"https:\/\/riveradelatorre.com\/servicios\/corporativo-y-comercial\/#breadcrumb"},"inLanguage":"en-US","potentialAction":[{"@type":"ReadAction","target":["https:\/\/riveradelatorre.com\/servicios\/corporativo-y-comercial\/"]}]},{"@type":"BreadcrumbList","@id":"https:\/\/riveradelatorre.com\/servicios\/corporativo-y-comercial\/#breadcrumb","itemListElement":[{"@type":"ListItem","position":1,"name":"Portada","item":"https:\/\/riveradelatorre.com\/"},{"@type":"ListItem","position":2,"name":"Servicios","item":"https:\/\/riveradelatorre.com\/servicios\/"},{"@type":"ListItem","position":3,"name":"CORPORATIVO Y COMERCIAL"}]},{"@type":"WebSite","@id":"https:\/\/riveradelatorre.com\/#website","url":"https:\/\/riveradelatorre.com\/","name":"Rivera de la Torre","description":"Abogados Panam&aacute;","publisher":{"@id":"https:\/\/riveradelatorre.com\/#organization"},"potentialAction":[{"@type":"SearchAction","target":{"@type":"EntryPoint","urlTemplate":"https:\/\/riveradelatorre.com\/?s={search_term_string}"},"query-input":"required name=search_term_string"}],"inLanguage":"en-US"},{"@type":"Organization","@id":"https:\/\/riveradelatorre.com\/#organization","name":"Rivera de la Torre","url":"https:\/\/riveradelatorre.com\/","logo":{"@type":"ImageObject","inLanguage":"en-US","@id":"https:\/\/riveradelatorre.com\/#\/schema\/logo\/image\/","url":"https:\/\/riveradelatorre.com\/wp-content\/uploads\/2021\/04\/logo-vertical.png","contentUrl":"https:\/\/riveradelatorre.com\/wp-content\/uploads\/2021\/04\/logo-vertical.png","width":3345,"height":638,"caption":"Rivera de la Torre"},"image":{"@id":"https:\/\/riveradelatorre.com\/#\/schema\/logo\/image\/"}}]}},"_links":{"self":[{"href":"https:\/\/riveradelatorre.com\/en\/wp-json\/wp\/v2\/pages\/817","targetHints":{"allow":["GET"]}}],"collection":[{"href":"https:\/\/riveradelatorre.com\/en\/wp-json\/wp\/v2\/pages"}],"about":[{"href":"https:\/\/riveradelatorre.com\/en\/wp-json\/wp\/v2\/types\/page"}],"author":[{"embeddable":true,"href":"https:\/\/riveradelatorre.com\/en\/wp-json\/wp\/v2\/users\/1"}],"replies":[{"embeddable":true,"href":"https:\/\/riveradelatorre.com\/en\/wp-json\/wp\/v2\/comments?post=817"}],"version-history":[{"count":3,"href":"https:\/\/riveradelatorre.com\/en\/wp-json\/wp\/v2\/pages\/817\/revisions"}],"predecessor-version":[{"id":1162,"href":"https:\/\/riveradelatorre.com\/en\/wp-json\/wp\/v2\/pages\/817\/revisions\/1162"}],"up":[{"embeddable":true,"href":"https:\/\/riveradelatorre.com\/en\/wp-json\/wp\/v2\/pages\/13"}],"wp:attachment":[{"href":"https:\/\/riveradelatorre.com\/en\/wp-json\/wp\/v2\/media?parent=817"}],"curies":[{"name":"wp","href":"https:\/\/api.w.org\/{rel}","templated":true}]}}