{"id":819,"date":"2021-03-30T14:42:19","date_gmt":"2021-03-30T14:42:19","guid":{"rendered":"https:\/\/riveradelatorre.com\/?page_id=819"},"modified":"2025-11-16T21:58:37","modified_gmt":"2025-11-16T21:58:37","slug":"inmobiliario-y-bienes-raices","status":"publish","type":"page","link":"https:\/\/riveradelatorre.com\/en\/servicios\/inmobiliario-y-bienes-raices\/","title":{"rendered":"REAL ESTATE AND PROPERTY LAW"},"content":{"rendered":"<section class=\"wpb-content-wrapper\"><div class=\"vc_row wpb_row porto-inner-container\"><div class=\"porto-wrap-container container\"><div class=\"row\"><div class=\"vc_column_container col-md-12\"><div class=\"wpb_wrapper vc_column-inner\"><div class=\"porto-u-heading  wpb_custom_95aa9a11c17ad45cfabaf210d84ee7cc\" data-hspacer=\"line_only\" data-halign=\"left\" style=\"text-align:left\"><div class=\"porto-u-main-heading\"><h2   style=\"font-weight:500;margin-bottom: 10px;\">REAL ESTATE AND PROPERTY LAW<\/h2><\/div><div class=\"porto-u-heading-spacer line_only\" style=\"margin-bottom: 20px;height:2px;\"><span class=\"porto-u-headings-line\" style=\"border-style:solid;border-bottom-width:2px;border-color:#7b0000;width:100px;margin-left: 0\"><\/span><\/div><\/div>\n\t<div class=\"wpb_text_column wpb_content_element\" >\n\t\t<div class=\"wpb_wrapper\">\n\t\t\t<p>We provide comprehensive legal support for real estate transactions, development projects, and property administration, ensuring full legal security throughout each stage.<br \/>\nOur team advises buyers, developers, landlords, and both domestic and foreign investors.<\/p>\n\n\t\t<\/div>\n\t<\/div>\n\n\t<div class=\"wpb_text_column wpb_content_element\" >\n\t\t<div class=\"wpb_wrapper\">\n\t\t\t<p><strong>SERVICES<\/strong><\/p>\n<ul>\n<li>Due diligence and title verification of properties and owning entities.<\/li>\n<li>Subdivisions, mergers, and land titling.<\/li>\n<li>Creation and administration of condominium regimes.<\/li>\n<li>Drafting and reviewing purchase, lease, and financing contracts.<\/li>\n<li>Real estate filings with the Public Registry, MIVIOT, and municipal authorities.<\/li>\n<\/ul>\n\n\t\t<\/div>\n\t<\/div>\n<\/div><\/div><\/div><\/div><\/div>\n<\/section>","protected":false},"excerpt":{"rendered":"INMOBILIARIO Y BIENES RAICES Brindamos acompa\u00f1amiento legal integral en transacciones, desarrollos y administraci\u00f3n de propiedades, garantizando seguridad jur\u00eddica durante todo el proceso. Nuestro equipo asesora a compradores, promotores, arrendadores e inversionistas nacionales y extranjeros. Servicios: Due diligence e investigaci\u00f3n registral de fincas y sociedades propietarias. Segregaciones, fusiones y titulaci\u00f3n de tierras. Creaci\u00f3n y administraci\u00f3n de [...]","protected":false},"author":1,"featured_media":0,"parent":13,"menu_order":0,"comment_status":"closed","ping_status":"closed","template":"","meta":{"_monsterinsights_skip_tracking":false,"_monsterinsights_sitenote_active":false,"_monsterinsights_sitenote_note":"","_monsterinsights_sitenote_category":0,"_joinchat":[],"footnotes":""},"class_list":["post-819","page","type-page","status-publish","hentry"],"yoast_head":"<!-- This site is optimized with the Yoast SEO plugin v21.7 - https:\/\/yoast.com\/wordpress\/plugins\/seo\/ -->\n<title>INMOBILIARIO Y BIENES RAICES - Rivera de la Torre<\/title>\n<meta name=\"robots\" content=\"index, follow, max-snippet:-1, max-image-preview:large, max-video-preview:-1\" \/>\n<link rel=\"canonical\" href=\"https:\/\/riveradelatorre.com\/en\/servicios\/inmobiliario-y-bienes-raices\/\" \/>\n<meta property=\"og:locale\" content=\"en_US\" \/>\n<meta property=\"og:type\" content=\"article\" \/>\n<meta property=\"og:title\" content=\"INMOBILIARIO Y BIENES RAICES - Rivera de la Torre\" \/>\n<meta property=\"og:url\" content=\"https:\/\/riveradelatorre.com\/en\/servicios\/inmobiliario-y-bienes-raices\/\" \/>\n<meta property=\"og:site_name\" content=\"Rivera de la Torre\" \/>\n<meta property=\"article:modified_time\" content=\"2025-11-16T21:58:37+00:00\" \/>\n<meta name=\"twitter:card\" content=\"summary_large_image\" \/>\n<meta name=\"twitter:label1\" content=\"Est. reading time\" \/>\n\t<meta name=\"twitter:data1\" content=\"1 minute\" \/>\n<script type=\"application\/ld+json\" class=\"yoast-schema-graph\">{\"@context\":\"https:\/\/schema.org\",\"@graph\":[{\"@type\":\"WebPage\",\"@id\":\"https:\/\/riveradelatorre.com\/servicios\/inmobiliario-y-bienes-raices\/\",\"url\":\"https:\/\/riveradelatorre.com\/servicios\/inmobiliario-y-bienes-raices\/\",\"name\":\"INMOBILIARIO Y BIENES RAICES - Rivera de la Torre\",\"isPartOf\":{\"@id\":\"https:\/\/riveradelatorre.com\/#website\"},\"datePublished\":\"2021-03-30T14:42:19+00:00\",\"dateModified\":\"2025-11-16T21:58:37+00:00\",\"breadcrumb\":{\"@id\":\"https:\/\/riveradelatorre.com\/servicios\/inmobiliario-y-bienes-raices\/#breadcrumb\"},\"inLanguage\":\"en-US\",\"potentialAction\":[{\"@type\":\"ReadAction\",\"target\":[\"https:\/\/riveradelatorre.com\/servicios\/inmobiliario-y-bienes-raices\/\"]}]},{\"@type\":\"BreadcrumbList\",\"@id\":\"https:\/\/riveradelatorre.com\/servicios\/inmobiliario-y-bienes-raices\/#breadcrumb\",\"itemListElement\":[{\"@type\":\"ListItem\",\"position\":1,\"name\":\"Portada\",\"item\":\"https:\/\/riveradelatorre.com\/\"},{\"@type\":\"ListItem\",\"position\":2,\"name\":\"Servicios\",\"item\":\"https:\/\/riveradelatorre.com\/servicios\/\"},{\"@type\":\"ListItem\",\"position\":3,\"name\":\"INMOBILIARIO Y BIENES RAICES\"}]},{\"@type\":\"WebSite\",\"@id\":\"https:\/\/riveradelatorre.com\/#website\",\"url\":\"https:\/\/riveradelatorre.com\/\",\"name\":\"Rivera de la Torre\",\"description\":\"Abogados Panam&aacute;\",\"publisher\":{\"@id\":\"https:\/\/riveradelatorre.com\/#organization\"},\"potentialAction\":[{\"@type\":\"SearchAction\",\"target\":{\"@type\":\"EntryPoint\",\"urlTemplate\":\"https:\/\/riveradelatorre.com\/?s={search_term_string}\"},\"query-input\":\"required name=search_term_string\"}],\"inLanguage\":\"en-US\"},{\"@type\":\"Organization\",\"@id\":\"https:\/\/riveradelatorre.com\/#organization\",\"name\":\"Rivera de la Torre\",\"url\":\"https:\/\/riveradelatorre.com\/\",\"logo\":{\"@type\":\"ImageObject\",\"inLanguage\":\"en-US\",\"@id\":\"https:\/\/riveradelatorre.com\/#\/schema\/logo\/image\/\",\"url\":\"https:\/\/riveradelatorre.com\/wp-content\/uploads\/2021\/04\/logo-vertical.png\",\"contentUrl\":\"https:\/\/riveradelatorre.com\/wp-content\/uploads\/2021\/04\/logo-vertical.png\",\"width\":3345,\"height\":638,\"caption\":\"Rivera de la Torre\"},\"image\":{\"@id\":\"https:\/\/riveradelatorre.com\/#\/schema\/logo\/image\/\"}}]}<\/script>\n<!-- \/ Yoast SEO plugin. -->","yoast_head_json":{"title":"INMOBILIARIO Y BIENES RAICES - Rivera de la Torre","robots":{"index":"index","follow":"follow","max-snippet":"max-snippet:-1","max-image-preview":"max-image-preview:large","max-video-preview":"max-video-preview:-1"},"canonical":"https:\/\/riveradelatorre.com\/en\/servicios\/inmobiliario-y-bienes-raices\/","og_locale":"en_US","og_type":"article","og_title":"INMOBILIARIO Y BIENES RAICES - Rivera de la Torre","og_url":"https:\/\/riveradelatorre.com\/en\/servicios\/inmobiliario-y-bienes-raices\/","og_site_name":"Rivera de la Torre","article_modified_time":"2025-11-16T21:58:37+00:00","twitter_card":"summary_large_image","twitter_misc":{"Est. reading time":"1 minute"},"schema":{"@context":"https:\/\/schema.org","@graph":[{"@type":"WebPage","@id":"https:\/\/riveradelatorre.com\/servicios\/inmobiliario-y-bienes-raices\/","url":"https:\/\/riveradelatorre.com\/servicios\/inmobiliario-y-bienes-raices\/","name":"INMOBILIARIO Y BIENES RAICES - Rivera de la Torre","isPartOf":{"@id":"https:\/\/riveradelatorre.com\/#website"},"datePublished":"2021-03-30T14:42:19+00:00","dateModified":"2025-11-16T21:58:37+00:00","breadcrumb":{"@id":"https:\/\/riveradelatorre.com\/servicios\/inmobiliario-y-bienes-raices\/#breadcrumb"},"inLanguage":"en-US","potentialAction":[{"@type":"ReadAction","target":["https:\/\/riveradelatorre.com\/servicios\/inmobiliario-y-bienes-raices\/"]}]},{"@type":"BreadcrumbList","@id":"https:\/\/riveradelatorre.com\/servicios\/inmobiliario-y-bienes-raices\/#breadcrumb","itemListElement":[{"@type":"ListItem","position":1,"name":"Portada","item":"https:\/\/riveradelatorre.com\/"},{"@type":"ListItem","position":2,"name":"Servicios","item":"https:\/\/riveradelatorre.com\/servicios\/"},{"@type":"ListItem","position":3,"name":"INMOBILIARIO Y BIENES RAICES"}]},{"@type":"WebSite","@id":"https:\/\/riveradelatorre.com\/#website","url":"https:\/\/riveradelatorre.com\/","name":"Rivera de la Torre","description":"Abogados Panam&aacute;","publisher":{"@id":"https:\/\/riveradelatorre.com\/#organization"},"potentialAction":[{"@type":"SearchAction","target":{"@type":"EntryPoint","urlTemplate":"https:\/\/riveradelatorre.com\/?s={search_term_string}"},"query-input":"required name=search_term_string"}],"inLanguage":"en-US"},{"@type":"Organization","@id":"https:\/\/riveradelatorre.com\/#organization","name":"Rivera de la Torre","url":"https:\/\/riveradelatorre.com\/","logo":{"@type":"ImageObject","inLanguage":"en-US","@id":"https:\/\/riveradelatorre.com\/#\/schema\/logo\/image\/","url":"https:\/\/riveradelatorre.com\/wp-content\/uploads\/2021\/04\/logo-vertical.png","contentUrl":"https:\/\/riveradelatorre.com\/wp-content\/uploads\/2021\/04\/logo-vertical.png","width":3345,"height":638,"caption":"Rivera de la Torre"},"image":{"@id":"https:\/\/riveradelatorre.com\/#\/schema\/logo\/image\/"}}]}},"_links":{"self":[{"href":"https:\/\/riveradelatorre.com\/en\/wp-json\/wp\/v2\/pages\/819","targetHints":{"allow":["GET"]}}],"collection":[{"href":"https:\/\/riveradelatorre.com\/en\/wp-json\/wp\/v2\/pages"}],"about":[{"href":"https:\/\/riveradelatorre.com\/en\/wp-json\/wp\/v2\/types\/page"}],"author":[{"embeddable":true,"href":"https:\/\/riveradelatorre.com\/en\/wp-json\/wp\/v2\/users\/1"}],"replies":[{"embeddable":true,"href":"https:\/\/riveradelatorre.com\/en\/wp-json\/wp\/v2\/comments?post=819"}],"version-history":[{"count":3,"href":"https:\/\/riveradelatorre.com\/en\/wp-json\/wp\/v2\/pages\/819\/revisions"}],"predecessor-version":[{"id":1160,"href":"https:\/\/riveradelatorre.com\/en\/wp-json\/wp\/v2\/pages\/819\/revisions\/1160"}],"up":[{"embeddable":true,"href":"https:\/\/riveradelatorre.com\/en\/wp-json\/wp\/v2\/pages\/13"}],"wp:attachment":[{"href":"https:\/\/riveradelatorre.com\/en\/wp-json\/wp\/v2\/media?parent=819"}],"curies":[{"name":"wp","href":"https:\/\/api.w.org\/{rel}","templated":true}]}}